{"id":4473,"date":"2020-03-05T01:45:12","date_gmt":"2020-03-05T01:45:12","guid":{"rendered":"http:\/\/hsc-contabilidade.com.br\/?page_id=4473"},"modified":"2024-03-25T01:12:05","modified_gmt":"2024-03-25T01:12:05","slug":"marcas","status":"publish","type":"page","link":"http:\/\/hsc-contabilidade.com.br\/","title":{"rendered":"Desde 1983"},"content":{"rendered":"\n<h1 style=\"font-size:22px\">Sua empresa em boas m\u00e3os.<\/h1>\n\n\n\n<p class=\"has-medium-font-size\">Com uma equipe bem treinada, sempre atualizada com as constantes mudan\u00e7as na Legisla\u00e7\u00e3o, atendemos Ibitinga e Regi\u00e3o e, com cobertura nacional.<\/p>\n\n\n\n<p class=\"has-medium-font-size\">Nosso atendimento al\u00e9m do presencial, tamb\u00e9m \u00e9 poss\u00edvel \u00e0 dist\u00e2ncia com uso de tecnologias avan\u00e7adas por v\u00eddeo confer\u00eancia ou acesso remoto direto na sua empresa.<\/p>\n\n\n\n<p class=\"has-medium-font-size\">Al\u00e9m de Ibitinga, atendemos clientes em: Tabatinga, Nova Europa, Gavi\u00e3o Peixoto, Mat\u00e3o, Sert\u00e3ozinho, Ribeir\u00e3o Preto, Franca, S\u00e3o Paulo e Bras\u00edlia.<\/p>\n\n\n\n<figure class=\"wp-block-pullquote is-style-default\" style=\"border-color:#000000\"><blockquote class=\"has-text-color has-vivid-cyan-blue-color\"><p><sub>&#8220;Acredite que voc\u00ea pode, assim voc\u00ea j\u00e1 est\u00e1 no meio do caminho.&#8221;<\/sub><\/p><p><kbd>Theodore Roosevelt<\/kbd><\/p><\/blockquote><\/figure>\n\n\n\n<div class=\"wp-block-group alignwide\"><div class=\"wp-block-group__inner-container\">\n<div class=\"wp-block-group alignwide\"><div class=\"wp-block-group__inner-container\">\n<div class=\"wp-block-media-text alignwide has-media-on-the-right is-stacked-on-mobile\" style=\"grid-template-columns:auto 37%\"><figure class=\"wp-block-media-text__media\"><img loading=\"lazy\" width=\"150\" height=\"150\" src=\"http:\/\/hsc-contabilidade.com.br\/wp-content\/uploads\/2022\/06\/Registro-Marcas-150x150.jpg\" alt=\"\" class=\"wp-image-4640 size-thumbnail\"\/><\/figure><div class=\"wp-block-media-text__content\">\n<div class=\"wp-block-columns\">\n<div class=\"wp-block-column\" style=\"flex-basis:100%\">\n<p class=\"has-text-align-left has-medium-font-size\">Registrar uma marca \u00e9 a \u00fanica forma de proteg\u00ea-la legalmente de poss\u00edveis copiadores e da concorr\u00eancia, al\u00e9m de ganhar espa\u00e7o no mercado. Nosso escrit\u00f3rio est\u00e1 preparado para orient\u00e1-lo e acompanh\u00e1-lo nesse trabalho. Entre em contato e agende um hor\u00e1rio.(16) 99193-8263 e (16) 3341-8303<\/p>\n<\/div>\n<\/div>\n<\/div><\/div>\n<\/div><\/div>\n<\/div><\/div>\n\n\n\n<div class=\"wp-block-columns\">\n<div class=\"wp-block-column\" style=\"flex-basis:100%\">\n<h1>Confira cinco dicas essenciais para empreendedores iniciantes<\/h1>\n\n\n\n<div class=\"wp-block-group\"><div class=\"wp-block-group__inner-container\">\n<h3><span class=\"has-inline-color has-vivid-red-color\"><strong>Por falta de conhecimento, empres\u00e1rios acabam precisando encerrar seus neg\u00f3cios ap\u00f3s pouco tempo de abertura.<\/strong><\/span><\/h3>\n\n\n\n<div class=\"wp-block-group alignwide\"><div class=\"wp-block-group__inner-container\">\n<div class=\"wp-block-media-text alignwide is-stacked-on-mobile\"><figure class=\"wp-block-media-text__media\"><img loading=\"lazy\" width=\"360\" height=\"182\" src=\"http:\/\/hsc-contabilidade.com.br\/wp-content\/uploads\/2024\/03\/Iniciantes-Empreendedores.jpg\" alt=\"\" class=\"wp-image-4831 size-full\" srcset=\"http:\/\/hsc-contabilidade.com.br\/wp-content\/uploads\/2024\/03\/Iniciantes-Empreendedores.jpg 360w, http:\/\/hsc-contabilidade.com.br\/wp-content\/uploads\/2024\/03\/Iniciantes-Empreendedores-300x152.jpg 300w, http:\/\/hsc-contabilidade.com.br\/wp-content\/uploads\/2024\/03\/Iniciantes-Empreendedores-160x81.jpg 160w\" sizes=\"(max-width: 360px) 100vw, 360px\" \/><\/figure><div class=\"wp-block-media-text__content\">\n<ul><li>O conhecimento nesta fase \u00e9 de grande import\u00e2ncia para os novos empreendedores.<\/li><li>Saiba mais na fonte: <a href=\"https:\/\/www.contabeis.com.br\/noticias\/64291\/empreendedores-iniciantes-veja-5-dicas-essenciais\/\">Empreendedores iniciantes: veja 5 dicas essenciais (contabeis.com.br)<\/a><\/li><\/ul>\n<\/div><\/div>\n<\/div><\/div>\n\n\n\n<p><\/p>\n\n\n\n<div class=\"wp-block-group\"><div class=\"wp-block-group__inner-container\"><\/div><\/div>\n<\/div><\/div>\n<\/div>\n<\/div>\n\n\n\n<p><\/p>\n","protected":false},"excerpt":{"rendered":"<p>Sua empresa em boas m\u00e3os. Com uma equipe bem treinada, sempre atualizada com as constantes mudan\u00e7as na Legisla\u00e7\u00e3o, atendemos Ibitinga e Regi\u00e3o e, com cobertura nacional. Nosso atendimento al\u00e9m do presencial, tamb\u00e9m \u00e9 poss\u00edvel \u00e0 dist\u00e2ncia com uso de tecnologias avan\u00e7adas por v\u00eddeo confer\u00eancia ou acesso remoto direto na sua empresa. Al\u00e9m de Ibitinga, atendemos &hellip; <\/p>\n<p><a class=\"more-link block-button\" href=\"http:\/\/hsc-contabilidade.com.br\/\">Continue lendo &raquo;<\/a><\/p>\n","protected":false},"author":1,"featured_media":0,"parent":0,"menu_order":0,"comment_status":"closed","ping_status":"closed","template":"template-threecolumnscenter.php","meta":[],"_links":{"self":[{"href":"http:\/\/hsc-contabilidade.com.br\/index.php?rest_route=\/wp\/v2\/pages\/4473"}],"collection":[{"href":"http:\/\/hsc-contabilidade.com.br\/index.php?rest_route=\/wp\/v2\/pages"}],"about":[{"href":"http:\/\/hsc-contabilidade.com.br\/index.php?rest_route=\/wp\/v2\/types\/page"}],"author":[{"embeddable":true,"href":"http:\/\/hsc-contabilidade.com.br\/index.php?rest_route=\/wp\/v2\/users\/1"}],"replies":[{"embeddable":true,"href":"http:\/\/hsc-contabilidade.com.br\/index.php?rest_route=%2Fwp%2Fv2%2Fcomments&post=4473"}],"version-history":[{"count":34,"href":"http:\/\/hsc-contabilidade.com.br\/index.php?rest_route=\/wp\/v2\/pages\/4473\/revisions"}],"predecessor-version":[{"id":4832,"href":"http:\/\/hsc-contabilidade.com.br\/index.php?rest_route=\/wp\/v2\/pages\/4473\/revisions\/4832"}],"wp:attachment":[{"href":"http:\/\/hsc-contabilidade.com.br\/index.php?rest_route=%2Fwp%2Fv2%2Fmedia&parent=4473"}],"curies":[{"name":"wp","href":"https:\/\/api.w.org\/{rel}","templated":true}]}}