{"id":376,"date":"2013-10-08T00:30:12","date_gmt":"2013-10-08T00:30:12","guid":{"rendered":"http:\/\/hsc-contabilidade.com.br\/?page_id=376"},"modified":"2023-12-16T20:54:19","modified_gmt":"2023-12-16T20:54:19","slug":"eventos","status":"publish","type":"page","link":"http:\/\/hsc-contabilidade.com.br\/?page_id=376","title":{"rendered":"Eventos"},"content":{"rendered":"\n<p class=\"has-luminous-vivid-orange-color has-text-color has-medium-font-size\"><strong>Comemora\u00e7\u00e3o de 40 Anos do escrit\u00f3rio em Novembro de 2023.<\/strong><\/p>\n\n\n\n<figure class=\"wp-block-gallery columns-3\"><ul class=\"blocks-gallery-grid\"><li class=\"blocks-gallery-item\"><figure><img loading=\"lazy\" width=\"905\" height=\"674\" src=\"http:\/\/hsc-contabilidade.com.br\/wp-content\/uploads\/2023\/12\/20231215_123345-1-scaled-e1702758602712.jpg\" alt=\"\" data-id=\"4797\" data-full-url=\"http:\/\/hsc-contabilidade.com.br\/wp-content\/uploads\/2023\/12\/20231215_123345-1-scaled-e1702758602712.jpg\" data-link=\"http:\/\/hsc-contabilidade.com.br\/?attachment_id=4797\" class=\"wp-image-4797\"\/><\/figure><\/li><li class=\"blocks-gallery-item\"><figure><img loading=\"lazy\" width=\"450\" height=\"600\" src=\"http:\/\/hsc-contabilidade.com.br\/wp-content\/uploads\/2023\/12\/IMG-20231215-WA0037-450x600.jpg\" alt=\"\" data-id=\"4796\" data-full-url=\"http:\/\/hsc-contabilidade.com.br\/wp-content\/uploads\/2023\/12\/IMG-20231215-WA0037.jpg\" data-link=\"http:\/\/hsc-contabilidade.com.br\/?attachment_id=4796\" class=\"wp-image-4796\" srcset=\"http:\/\/hsc-contabilidade.com.br\/wp-content\/uploads\/2023\/12\/IMG-20231215-WA0037-450x600.jpg 450w, http:\/\/hsc-contabilidade.com.br\/wp-content\/uploads\/2023\/12\/IMG-20231215-WA0037-225x300.jpg 225w, http:\/\/hsc-contabilidade.com.br\/wp-content\/uploads\/2023\/12\/IMG-20231215-WA0037-768x1024.jpg 768w, http:\/\/hsc-contabilidade.com.br\/wp-content\/uploads\/2023\/12\/IMG-20231215-WA0037-1152x1536.jpg 1152w, http:\/\/hsc-contabilidade.com.br\/wp-content\/uploads\/2023\/12\/IMG-20231215-WA0037.jpg 1200w\" sizes=\"(max-width: 450px) 100vw, 450px\" \/><\/figure><\/li><li class=\"blocks-gallery-item\"><figure><img loading=\"lazy\" width=\"800\" height=\"600\" src=\"http:\/\/hsc-contabilidade.com.br\/wp-content\/uploads\/2023\/12\/IMG-20231215-WA0026-800x600.jpg\" alt=\"\" data-id=\"4793\" data-full-url=\"http:\/\/hsc-contabilidade.com.br\/wp-content\/uploads\/2023\/12\/IMG-20231215-WA0026-e1702757931886.jpg\" data-link=\"http:\/\/hsc-contabilidade.com.br\/?attachment_id=4793\" class=\"wp-image-4793\"\/><\/figure><\/li><li class=\"blocks-gallery-item\"><figure><img loading=\"lazy\" width=\"450\" height=\"600\" src=\"http:\/\/hsc-contabilidade.com.br\/wp-content\/uploads\/2023\/12\/IMG-20231215-WA0035-450x600.jpg\" alt=\"\" data-id=\"4795\" data-full-url=\"http:\/\/hsc-contabilidade.com.br\/wp-content\/uploads\/2023\/12\/IMG-20231215-WA0035.jpg\" data-link=\"http:\/\/hsc-contabilidade.com.br\/?attachment_id=4795\" class=\"wp-image-4795\" srcset=\"http:\/\/hsc-contabilidade.com.br\/wp-content\/uploads\/2023\/12\/IMG-20231215-WA0035-450x600.jpg 450w, http:\/\/hsc-contabilidade.com.br\/wp-content\/uploads\/2023\/12\/IMG-20231215-WA0035-225x300.jpg 225w, http:\/\/hsc-contabilidade.com.br\/wp-content\/uploads\/2023\/12\/IMG-20231215-WA0035-768x1024.jpg 768w, http:\/\/hsc-contabilidade.com.br\/wp-content\/uploads\/2023\/12\/IMG-20231215-WA0035-1152x1536.jpg 1152w, http:\/\/hsc-contabilidade.com.br\/wp-content\/uploads\/2023\/12\/IMG-20231215-WA0035.jpg 1200w\" sizes=\"(max-width: 450px) 100vw, 450px\" \/><\/figure><\/li><li class=\"blocks-gallery-item\"><figure><img loading=\"lazy\" width=\"706\" height=\"600\" src=\"http:\/\/hsc-contabilidade.com.br\/wp-content\/uploads\/2023\/12\/IMG-20231215-WA0025-e1702757961123-706x600.jpg\" alt=\"\" data-id=\"4792\" data-full-url=\"http:\/\/hsc-contabilidade.com.br\/wp-content\/uploads\/2023\/12\/IMG-20231215-WA0025-e1702757961123.jpg\" data-link=\"http:\/\/hsc-contabilidade.com.br\/?attachment_id=4792\" class=\"wp-image-4792\" srcset=\"http:\/\/hsc-contabilidade.com.br\/wp-content\/uploads\/2023\/12\/IMG-20231215-WA0025-e1702757961123-706x600.jpg 706w, http:\/\/hsc-contabilidade.com.br\/wp-content\/uploads\/2023\/12\/IMG-20231215-WA0025-e1702757961123-300x255.jpg 300w, http:\/\/hsc-contabilidade.com.br\/wp-content\/uploads\/2023\/12\/IMG-20231215-WA0025-e1702757961123-768x653.jpg 768w, http:\/\/hsc-contabilidade.com.br\/wp-content\/uploads\/2023\/12\/IMG-20231215-WA0025-e1702757961123.jpg 1059w\" sizes=\"(max-width: 706px) 100vw, 706px\" \/><\/figure><\/li><li class=\"blocks-gallery-item\"><figure><img loading=\"lazy\" width=\"800\" height=\"600\" src=\"http:\/\/hsc-contabilidade.com.br\/wp-content\/uploads\/2023\/12\/IMG-20231215-WA0024-800x600.jpg\" alt=\"\" data-id=\"4791\" data-full-url=\"http:\/\/hsc-contabilidade.com.br\/wp-content\/uploads\/2023\/12\/IMG-20231215-WA0024-e1702757083301.jpg\" data-link=\"http:\/\/hsc-contabilidade.com.br\/?attachment_id=4791\" class=\"wp-image-4791\"\/><\/figure><\/li><li class=\"blocks-gallery-item\"><figure><img loading=\"lazy\" width=\"800\" height=\"600\" src=\"http:\/\/hsc-contabilidade.com.br\/wp-content\/uploads\/2023\/12\/IMG-20231215-WA0023-800x600.jpg\" alt=\"\" data-id=\"4790\" data-full-url=\"http:\/\/hsc-contabilidade.com.br\/wp-content\/uploads\/2023\/12\/IMG-20231215-WA0023-e1702757114660.jpg\" data-link=\"http:\/\/hsc-contabilidade.com.br\/?attachment_id=4790\" class=\"wp-image-4790\"\/><\/figure><\/li><li class=\"blocks-gallery-item\"><figure><img loading=\"lazy\" width=\"726\" height=\"600\" src=\"http:\/\/hsc-contabilidade.com.br\/wp-content\/uploads\/2023\/12\/IMG-20231215-WA0022-e1702757997881-726x600.jpg\" alt=\"\" data-id=\"4789\" data-full-url=\"http:\/\/hsc-contabilidade.com.br\/wp-content\/uploads\/2023\/12\/IMG-20231215-WA0022-e1702757997881.jpg\" data-link=\"http:\/\/hsc-contabilidade.com.br\/?attachment_id=4789\" class=\"wp-image-4789\" srcset=\"http:\/\/hsc-contabilidade.com.br\/wp-content\/uploads\/2023\/12\/IMG-20231215-WA0022-e1702757997881-726x600.jpg 726w, http:\/\/hsc-contabilidade.com.br\/wp-content\/uploads\/2023\/12\/IMG-20231215-WA0022-e1702757997881-300x248.jpg 300w, http:\/\/hsc-contabilidade.com.br\/wp-content\/uploads\/2023\/12\/IMG-20231215-WA0022-e1702757997881-768x635.jpg 768w, http:\/\/hsc-contabilidade.com.br\/wp-content\/uploads\/2023\/12\/IMG-20231215-WA0022-e1702757997881.jpg 1089w\" sizes=\"(max-width: 726px) 100vw, 726px\" \/><\/figure><\/li><li class=\"blocks-gallery-item\"><figure><img loading=\"lazy\" width=\"800\" height=\"600\" src=\"http:\/\/hsc-contabilidade.com.br\/wp-content\/uploads\/2023\/12\/IMG-20231215-WA0021-800x600.jpg\" alt=\"\" data-id=\"4788\" data-full-url=\"http:\/\/hsc-contabilidade.com.br\/wp-content\/uploads\/2023\/12\/IMG-20231215-WA0021-e1702757304156.jpg\" data-link=\"http:\/\/hsc-contabilidade.com.br\/?attachment_id=4788\" class=\"wp-image-4788\"\/><\/figure><\/li><li class=\"blocks-gallery-item\"><figure><img loading=\"lazy\" width=\"800\" height=\"600\" src=\"http:\/\/hsc-contabilidade.com.br\/wp-content\/uploads\/2023\/12\/IMG-20231215-WA0020-800x600.jpg\" alt=\"\" data-id=\"4787\" data-full-url=\"http:\/\/hsc-contabilidade.com.br\/wp-content\/uploads\/2023\/12\/IMG-20231215-WA0020-e1702757336785.jpg\" data-link=\"http:\/\/hsc-contabilidade.com.br\/?attachment_id=4787\" class=\"wp-image-4787\"\/><\/figure><\/li><li class=\"blocks-gallery-item\"><figure><img loading=\"lazy\" width=\"338\" height=\"600\" src=\"http:\/\/hsc-contabilidade.com.br\/wp-content\/uploads\/2023\/12\/IMG-20231215-WA0009-338x600.jpg\" alt=\"\" data-id=\"4786\" data-full-url=\"http:\/\/hsc-contabilidade.com.br\/wp-content\/uploads\/2023\/12\/IMG-20231215-WA0009.jpg\" data-link=\"http:\/\/hsc-contabilidade.com.br\/?attachment_id=4786\" class=\"wp-image-4786\" srcset=\"http:\/\/hsc-contabilidade.com.br\/wp-content\/uploads\/2023\/12\/IMG-20231215-WA0009-338x600.jpg 338w, http:\/\/hsc-contabilidade.com.br\/wp-content\/uploads\/2023\/12\/IMG-20231215-WA0009-169x300.jpg 169w, http:\/\/hsc-contabilidade.com.br\/wp-content\/uploads\/2023\/12\/IMG-20231215-WA0009.jpg 720w\" sizes=\"(max-width: 338px) 100vw, 338px\" \/><\/figure><\/li><li class=\"blocks-gallery-item\"><figure><img loading=\"lazy\" width=\"544\" height=\"600\" src=\"http:\/\/hsc-contabilidade.com.br\/wp-content\/uploads\/2023\/12\/IMG-20231215-WA0006-544x600.jpg\" alt=\"\" data-id=\"4785\" data-full-url=\"http:\/\/hsc-contabilidade.com.br\/wp-content\/uploads\/2023\/12\/IMG-20231215-WA0006.jpg\" data-link=\"http:\/\/hsc-contabilidade.com.br\/?attachment_id=4785\" class=\"wp-image-4785\" srcset=\"http:\/\/hsc-contabilidade.com.br\/wp-content\/uploads\/2023\/12\/IMG-20231215-WA0006-544x600.jpg 544w, http:\/\/hsc-contabilidade.com.br\/wp-content\/uploads\/2023\/12\/IMG-20231215-WA0006-272x300.jpg 272w, http:\/\/hsc-contabilidade.com.br\/wp-content\/uploads\/2023\/12\/IMG-20231215-WA0006-768x847.jpg 768w, http:\/\/hsc-contabilidade.com.br\/wp-content\/uploads\/2023\/12\/IMG-20231215-WA0006.jpg 1080w\" sizes=\"(max-width: 544px) 100vw, 544px\" \/><\/figure><\/li><li class=\"blocks-gallery-item\"><figure><img loading=\"lazy\" width=\"1200\" height=\"687\" src=\"http:\/\/hsc-contabilidade.com.br\/wp-content\/uploads\/2023\/12\/20231215_141447-scaled-e1702757435707.jpg\" alt=\"\" data-id=\"4784\" data-full-url=\"http:\/\/hsc-contabilidade.com.br\/wp-content\/uploads\/2023\/12\/20231215_141447-scaled-e1702757435707.jpg\" data-link=\"http:\/\/hsc-contabilidade.com.br\/?attachment_id=4784\" class=\"wp-image-4784\"\/><\/figure><\/li><li class=\"blocks-gallery-item\"><figure><img loading=\"lazy\" width=\"1200\" height=\"675\" src=\"http:\/\/hsc-contabilidade.com.br\/wp-content\/uploads\/2023\/12\/20231215_133942-scaled-e1702757533834.jpg\" alt=\"\" data-id=\"4782\" data-full-url=\"http:\/\/hsc-contabilidade.com.br\/wp-content\/uploads\/2023\/12\/20231215_133942-scaled-e1702757533834.jpg\" data-link=\"http:\/\/hsc-contabilidade.com.br\/?attachment_id=4782\" class=\"wp-image-4782\"\/><\/figure><\/li><li class=\"blocks-gallery-item\"><figure><img loading=\"lazy\" width=\"1200\" height=\"692\" src=\"http:\/\/hsc-contabilidade.com.br\/wp-content\/uploads\/2023\/12\/20231215_123428-1-scaled-e1702757555389.jpg\" alt=\"\" data-id=\"4781\" data-full-url=\"http:\/\/hsc-contabilidade.com.br\/wp-content\/uploads\/2023\/12\/20231215_123428-1-scaled-e1702757555389.jpg\" data-link=\"http:\/\/hsc-contabilidade.com.br\/?attachment_id=4781\" class=\"wp-image-4781\"\/><\/figure><\/li><\/ul><\/figure>\n\n\n\n<p class=\"has-vivid-red-color has-text-color has-medium-font-size\"><strong>Visitantes ilustres na Inaugura\u00e7\u00e3o do Pr\u00e9dio Pr\u00f3prio em Fevereiro de 2021<\/strong><\/p>\n\n\n\n<figure class=\"wp-block-gallery columns-3 is-cropped\"><ul class=\"blocks-gallery-grid\"><li class=\"blocks-gallery-item\"><figure><img loading=\"lazy\" width=\"506\" height=\"600\" src=\"http:\/\/hsc-contabilidade.com.br\/wp-content\/uploads\/2023\/07\/Queila-506x600.jpg\" alt=\"\" data-id=\"4728\" data-full-url=\"http:\/\/hsc-contabilidade.com.br\/wp-content\/uploads\/2023\/07\/Queila.jpg\" data-link=\"http:\/\/hsc-contabilidade.com.br\/?attachment_id=4728\" class=\"wp-image-4728\" srcset=\"http:\/\/hsc-contabilidade.com.br\/wp-content\/uploads\/2023\/07\/Queila-506x600.jpg 506w, http:\/\/hsc-contabilidade.com.br\/wp-content\/uploads\/2023\/07\/Queila-253x300.jpg 253w, http:\/\/hsc-contabilidade.com.br\/wp-content\/uploads\/2023\/07\/Queila.jpg 600w\" sizes=\"(max-width: 506px) 100vw, 506px\" \/><\/figure><\/li><li class=\"blocks-gallery-item\"><figure><img loading=\"lazy\" width=\"800\" height=\"600\" src=\"http:\/\/hsc-contabilidade.com.br\/wp-content\/uploads\/2023\/07\/IMG-20230711-WA0014-800x600.jpg\" alt=\"\" data-id=\"4727\" data-full-url=\"http:\/\/hsc-contabilidade.com.br\/wp-content\/uploads\/2023\/07\/IMG-20230711-WA0014.jpg\" data-link=\"http:\/\/hsc-contabilidade.com.br\/?attachment_id=4727\" class=\"wp-image-4727\" srcset=\"http:\/\/hsc-contabilidade.com.br\/wp-content\/uploads\/2023\/07\/IMG-20230711-WA0014-800x600.jpg 800w, http:\/\/hsc-contabilidade.com.br\/wp-content\/uploads\/2023\/07\/IMG-20230711-WA0014-300x225.jpg 300w, http:\/\/hsc-contabilidade.com.br\/wp-content\/uploads\/2023\/07\/IMG-20230711-WA0014-768x576.jpg 768w, http:\/\/hsc-contabilidade.com.br\/wp-content\/uploads\/2023\/07\/IMG-20230711-WA0014-1536x1153.jpg 1536w, http:\/\/hsc-contabilidade.com.br\/wp-content\/uploads\/2023\/07\/IMG-20230711-WA0014.jpg 1599w\" sizes=\"(max-width: 800px) 100vw, 800px\" \/><\/figure><\/li><li class=\"blocks-gallery-item\"><figure><img loading=\"lazy\" width=\"600\" height=\"450\" src=\"http:\/\/hsc-contabilidade.com.br\/wp-content\/uploads\/2023\/07\/Familia-Paulo-Cobaisse.jpg\" alt=\"\" data-id=\"4725\" data-full-url=\"http:\/\/hsc-contabilidade.com.br\/wp-content\/uploads\/2023\/07\/Familia-Paulo-Cobaisse.jpg\" data-link=\"http:\/\/hsc-contabilidade.com.br\/?attachment_id=4725\" class=\"wp-image-4725\" srcset=\"http:\/\/hsc-contabilidade.com.br\/wp-content\/uploads\/2023\/07\/Familia-Paulo-Cobaisse.jpg 600w, http:\/\/hsc-contabilidade.com.br\/wp-content\/uploads\/2023\/07\/Familia-Paulo-Cobaisse-300x225.jpg 300w\" sizes=\"(max-width: 600px) 100vw, 600px\" \/><\/figure><\/li><li class=\"blocks-gallery-item\"><figure><img loading=\"lazy\" width=\"800\" height=\"600\" src=\"http:\/\/hsc-contabilidade.com.br\/wp-content\/uploads\/2023\/07\/Familia-Unida-800x600.jpg\" alt=\"\" data-id=\"4726\" data-full-url=\"http:\/\/hsc-contabilidade.com.br\/wp-content\/uploads\/2023\/07\/Familia-Unida.jpg\" data-link=\"http:\/\/hsc-contabilidade.com.br\/?attachment_id=4726\" class=\"wp-image-4726\" srcset=\"http:\/\/hsc-contabilidade.com.br\/wp-content\/uploads\/2023\/07\/Familia-Unida-800x600.jpg 800w, http:\/\/hsc-contabilidade.com.br\/wp-content\/uploads\/2023\/07\/Familia-Unida-300x225.jpg 300w, http:\/\/hsc-contabilidade.com.br\/wp-content\/uploads\/2023\/07\/Familia-Unida-768x576.jpg 768w, http:\/\/hsc-contabilidade.com.br\/wp-content\/uploads\/2023\/07\/Familia-Unida-1536x1152.jpg 1536w, http:\/\/hsc-contabilidade.com.br\/wp-content\/uploads\/2023\/07\/Familia-Unida.jpg 1600w\" sizes=\"(max-width: 800px) 100vw, 800px\" \/><\/figure><\/li><li class=\"blocks-gallery-item\"><figure><img loading=\"lazy\" width=\"600\" height=\"450\" src=\"http:\/\/hsc-contabilidade.com.br\/wp-content\/uploads\/2023\/07\/Familia-Massola.jpg\" alt=\"\" data-id=\"4724\" data-full-url=\"http:\/\/hsc-contabilidade.com.br\/wp-content\/uploads\/2023\/07\/Familia-Massola.jpg\" data-link=\"http:\/\/hsc-contabilidade.com.br\/?attachment_id=4724\" class=\"wp-image-4724\" srcset=\"http:\/\/hsc-contabilidade.com.br\/wp-content\/uploads\/2023\/07\/Familia-Massola.jpg 600w, http:\/\/hsc-contabilidade.com.br\/wp-content\/uploads\/2023\/07\/Familia-Massola-300x225.jpg 300w\" sizes=\"(max-width: 600px) 100vw, 600px\" \/><\/figure><\/li><li class=\"blocks-gallery-item\"><figure><img loading=\"lazy\" width=\"494\" height=\"600\" src=\"http:\/\/hsc-contabilidade.com.br\/wp-content\/uploads\/2023\/07\/Cleto-N.A.Stoco_-494x600.jpg\" alt=\"\" data-id=\"4723\" data-full-url=\"http:\/\/hsc-contabilidade.com.br\/wp-content\/uploads\/2023\/07\/Cleto-N.A.Stoco_.jpg\" data-link=\"http:\/\/hsc-contabilidade.com.br\/?attachment_id=4723\" class=\"wp-image-4723\" srcset=\"http:\/\/hsc-contabilidade.com.br\/wp-content\/uploads\/2023\/07\/Cleto-N.A.Stoco_-494x600.jpg 494w, http:\/\/hsc-contabilidade.com.br\/wp-content\/uploads\/2023\/07\/Cleto-N.A.Stoco_-247x300.jpg 247w, http:\/\/hsc-contabilidade.com.br\/wp-content\/uploads\/2023\/07\/Cleto-N.A.Stoco_-768x934.jpg 768w, http:\/\/hsc-contabilidade.com.br\/wp-content\/uploads\/2023\/07\/Cleto-N.A.Stoco_.jpg 1095w\" sizes=\"(max-width: 494px) 100vw, 494px\" \/><\/figure><\/li><\/ul><\/figure>\n\n\n<h4><span style=\"font-size: 18pt;\"><em><strong><span style=\"color: #ff0000;\">Propriet\u00e1rio do escrit\u00f3rio HSC &#8211; Contabilidade e Administra\u00e7\u00e3o realiza Palestra na FAIBI em Ibitinga.<\/span><\/strong><\/em><\/span><\/h4>\n<p style=\"text-align: justify;\">A Palestra sobre a Legalidade das Micro e Pequenas empresas (MPEs) realizada na FAIBI &#8211; Faculdade de Filosofia, Ci\u00eancias e Letras de Ibitinga e foi ministrada pelo Sr. Humberto Egydio Caetano, Profissional da Contabilidade e Administrador. Abaixo algumas imagens da sala da turma do 4\u00ba Ano de Administra\u00e7\u00e3o da FAIBI em 02\/10\/2013.<\/p>\n\n\t\t<style type=\"text\/css\">\n\t\t\t#gallery-1 {\n\t\t\t\tmargin: auto;\n\t\t\t}\n\t\t\t#gallery-1 .gallery-item {\n\t\t\t\tfloat: left;\n\t\t\t\tmargin-top: 10px;\n\t\t\t\ttext-align: center;\n\t\t\t\twidth: 25%;\n\t\t\t}\n\t\t\t#gallery-1 img {\n\t\t\t\tborder: 2px solid #cfcfcf;\n\t\t\t}\n\t\t\t#gallery-1 .gallery-caption {\n\t\t\t\tmargin-left: 0;\n\t\t\t}\n\t\t\t\/* see gallery_shortcode() in wp-includes\/media.php *\/\n\t\t<\/style>\n\t\t<div id='gallery-1' class='gallery galleryid-376 gallery-columns-4 gallery-size-thumbnail'><dl class='gallery-item'>\n\t\t\t<dt class='gallery-icon landscape'>\n\t\t\t\t<a href='http:\/\/hsc-contabilidade.com.br\/wp-content\/uploads\/2013\/10\/Parte04.jpg'><img width=\"150\" height=\"150\" src=\"http:\/\/hsc-contabilidade.com.br\/wp-content\/uploads\/2013\/10\/Parte04-150x150.jpg\" class=\"attachment-thumbnail size-thumbnail\" alt=\"\" loading=\"lazy\" \/><\/a>\n\t\t\t<\/dt><\/dl><dl class='gallery-item'>\n\t\t\t<dt class='gallery-icon landscape'>\n\t\t\t\t<a href='http:\/\/hsc-contabilidade.com.br\/wp-content\/uploads\/2013\/10\/Parte01.jpg'><img width=\"150\" height=\"150\" src=\"http:\/\/hsc-contabilidade.com.br\/wp-content\/uploads\/2013\/10\/Parte01-150x150.jpg\" class=\"attachment-thumbnail size-thumbnail\" alt=\"\" loading=\"lazy\" \/><\/a>\n\t\t\t<\/dt><\/dl><dl class='gallery-item'>\n\t\t\t<dt class='gallery-icon portrait'>\n\t\t\t\t<a href='http:\/\/hsc-contabilidade.com.br\/wp-content\/uploads\/2013\/10\/Parte021.jpg'><img width=\"150\" height=\"150\" src=\"http:\/\/hsc-contabilidade.com.br\/wp-content\/uploads\/2013\/10\/Parte021-150x150.jpg\" class=\"attachment-thumbnail size-thumbnail\" alt=\"\" loading=\"lazy\" \/><\/a>\n\t\t\t<\/dt><\/dl><dl class='gallery-item'>\n\t\t\t<dt class='gallery-icon landscape'>\n\t\t\t\t<a href='http:\/\/hsc-contabilidade.com.br\/wp-content\/uploads\/2013\/10\/Parte05.jpg'><img width=\"150\" height=\"150\" src=\"http:\/\/hsc-contabilidade.com.br\/wp-content\/uploads\/2013\/10\/Parte05-150x150.jpg\" class=\"attachment-thumbnail size-thumbnail\" alt=\"\" loading=\"lazy\" \/><\/a>\n\t\t\t<\/dt><\/dl><br style=\"clear: both\" \/>\n\t\t<\/div>\n\n<h4>Palestra sobre o novo C\u00f3digo Florestal realizado no dia 17\/09\/2013.<\/h4>\n<p>No evento que foi realizado com as parcerias da Comiss\u00e3o de Cultura e Eventos da OAB Ibitinga, Associa\u00e7\u00e3o dos Contabilistas de Ibitinga e o Sindicato Rural de Ibitinga, compareceram v\u00e1rios advogados, produtores rurais de Ibitinga e Regi\u00e3o e Contabilistas locais.<\/p>\n<p>A palestra foi apresentada pelo Dr. Evandro Grilli s\u00f3cio do escrit\u00f3rio Brasil Salom\u00e3o &amp; Mattes de Ribeir\u00e3o Preto.<\/p>\n\n\t\t<style type=\"text\/css\">\n\t\t\t#gallery-2 {\n\t\t\t\tmargin: auto;\n\t\t\t}\n\t\t\t#gallery-2 .gallery-item {\n\t\t\t\tfloat: left;\n\t\t\t\tmargin-top: 10px;\n\t\t\t\ttext-align: center;\n\t\t\t\twidth: 33%;\n\t\t\t}\n\t\t\t#gallery-2 img {\n\t\t\t\tborder: 2px solid #cfcfcf;\n\t\t\t}\n\t\t\t#gallery-2 .gallery-caption {\n\t\t\t\tmargin-left: 0;\n\t\t\t}\n\t\t\t\/* see gallery_shortcode() in wp-includes\/media.php *\/\n\t\t<\/style>\n\t\t<div id='gallery-2' class='gallery galleryid-376 gallery-columns-3 gallery-size-thumbnail'><dl class='gallery-item'>\n\t\t\t<dt class='gallery-icon landscape'>\n\t\t\t\t<a href='http:\/\/hsc-contabilidade.com.br\/wp-content\/uploads\/2013\/10\/Ambiental_01.jpg'><img width=\"150\" height=\"150\" src=\"http:\/\/hsc-contabilidade.com.br\/wp-content\/uploads\/2013\/10\/Ambiental_01-150x150.jpg\" class=\"attachment-thumbnail size-thumbnail\" alt=\"\" loading=\"lazy\" \/><\/a>\n\t\t\t<\/dt><\/dl><dl class='gallery-item'>\n\t\t\t<dt class='gallery-icon landscape'>\n\t\t\t\t<a href='http:\/\/hsc-contabilidade.com.br\/wp-content\/uploads\/2013\/10\/Ambiental_04.jpg'><img width=\"150\" height=\"150\" src=\"http:\/\/hsc-contabilidade.com.br\/wp-content\/uploads\/2013\/10\/Ambiental_04-150x150.jpg\" class=\"attachment-thumbnail size-thumbnail\" alt=\"\" loading=\"lazy\" \/><\/a>\n\t\t\t<\/dt><\/dl><dl class='gallery-item'>\n\t\t\t<dt class='gallery-icon landscape'>\n\t\t\t\t<a href='http:\/\/hsc-contabilidade.com.br\/wp-content\/uploads\/2013\/10\/Ambiental_03.jpg'><img width=\"150\" height=\"150\" src=\"http:\/\/hsc-contabilidade.com.br\/wp-content\/uploads\/2013\/10\/Ambiental_03-150x150.jpg\" class=\"attachment-thumbnail size-thumbnail\" alt=\"\" loading=\"lazy\" \/><\/a>\n\t\t\t<\/dt><\/dl><br style=\"clear: both\" \/><dl class='gallery-item'>\n\t\t\t<dt class='gallery-icon landscape'>\n\t\t\t\t<a href='http:\/\/hsc-contabilidade.com.br\/wp-content\/uploads\/2013\/10\/Ambiental_02.jpg'><img width=\"150\" height=\"150\" src=\"http:\/\/hsc-contabilidade.com.br\/wp-content\/uploads\/2013\/10\/Ambiental_02-150x150.jpg\" class=\"attachment-thumbnail size-thumbnail\" alt=\"\" loading=\"lazy\" \/><\/a>\n\t\t\t<\/dt><\/dl><dl class='gallery-item'>\n\t\t\t<dt class='gallery-icon landscape'>\n\t\t\t\t<a href='http:\/\/hsc-contabilidade.com.br\/wp-content\/uploads\/2013\/10\/Ambiental_05.jpg'><img width=\"150\" height=\"150\" src=\"http:\/\/hsc-contabilidade.com.br\/wp-content\/uploads\/2013\/10\/Ambiental_05-150x150.jpg\" class=\"attachment-thumbnail size-thumbnail\" alt=\"\" loading=\"lazy\" \/><\/a>\n\t\t\t<\/dt><\/dl><dl class='gallery-item'>\n\t\t\t<dt class='gallery-icon landscape'>\n\t\t\t\t<a href='http:\/\/hsc-contabilidade.com.br\/wp-content\/uploads\/2013\/10\/Ambiental_06.jpg'><img width=\"150\" height=\"150\" src=\"http:\/\/hsc-contabilidade.com.br\/wp-content\/uploads\/2013\/10\/Ambiental_06-150x150.jpg\" class=\"attachment-thumbnail size-thumbnail\" alt=\"\" loading=\"lazy\" \/><\/a>\n\t\t\t<\/dt><\/dl><br style=\"clear: both\" \/>\n\t\t<\/div>\n\n<p>\u00a0<\/p>","protected":false},"excerpt":{"rendered":"<p>Comemora\u00e7\u00e3o de 40 Anos do escrit\u00f3rio em Novembro de 2023. Visitantes ilustres na Inaugura\u00e7\u00e3o do Pr\u00e9dio Pr\u00f3prio em Fevereiro de 2021 Propriet\u00e1rio do escrit\u00f3rio HSC &#8211; Contabilidade e Administra\u00e7\u00e3o realiza Palestra na FAIBI em Ibitinga. A Palestra sobre a Legalidade das Micro e Pequenas empresas (MPEs) realizada na FAIBI &#8211; Faculdade de Filosofia, Ci\u00eancias e &hellip; <\/p>\n<p><a class=\"more-link block-button\" href=\"http:\/\/hsc-contabilidade.com.br\/?page_id=376\">Continue lendo &raquo;<\/a><\/p>\n","protected":false},"author":1,"featured_media":0,"parent":0,"menu_order":0,"comment_status":"closed","ping_status":"closed","template":"","meta":[],"_links":{"self":[{"href":"http:\/\/hsc-contabilidade.com.br\/index.php?rest_route=\/wp\/v2\/pages\/376"}],"collection":[{"href":"http:\/\/hsc-contabilidade.com.br\/index.php?rest_route=\/wp\/v2\/pages"}],"about":[{"href":"http:\/\/hsc-contabilidade.com.br\/index.php?rest_route=\/wp\/v2\/types\/page"}],"author":[{"embeddable":true,"href":"http:\/\/hsc-contabilidade.com.br\/index.php?rest_route=\/wp\/v2\/users\/1"}],"replies":[{"embeddable":true,"href":"http:\/\/hsc-contabilidade.com.br\/index.php?rest_route=%2Fwp%2Fv2%2Fcomments&post=376"}],"version-history":[{"count":30,"href":"http:\/\/hsc-contabilidade.com.br\/index.php?rest_route=\/wp\/v2\/pages\/376\/revisions"}],"predecessor-version":[{"id":4807,"href":"http:\/\/hsc-contabilidade.com.br\/index.php?rest_route=\/wp\/v2\/pages\/376\/revisions\/4807"}],"wp:attachment":[{"href":"http:\/\/hsc-contabilidade.com.br\/index.php?rest_route=%2Fwp%2Fv2%2Fmedia&parent=376"}],"curies":[{"name":"wp","href":"https:\/\/api.w.org\/{rel}","templated":true}]}}