{"id":173,"date":"2013-09-01T20:58:24","date_gmt":"2013-09-01T20:58:24","guid":{"rendered":"http:\/\/hsc-contabilidade.com.br\/ibi\/?page_id=173"},"modified":"2013-10-07T01:23:21","modified_gmt":"2013-10-07T01:23:21","slug":"servicos","status":"publish","type":"page","link":"http:\/\/hsc-contabilidade.com.br\/?page_id=173","title":{"rendered":"Servi\u00e7os"},"content":{"rendered":"<p style=\"text-align: justify;\"><b><a href=\"http:\/\/hsc-contabilidade.com.br\/wp-content\/uploads\/2013\/10\/Logo_HSC_ADM.jpg\"><img loading=\"lazy\" class=\"size-full wp-image-356 alignleft\" alt=\"Logo_HSC_ADM\" src=\"http:\/\/hsc-contabilidade.com.br\/wp-content\/uploads\/2013\/10\/Logo_HSC_ADM.jpg\" width=\"172\" height=\"96\" srcset=\"http:\/\/hsc-contabilidade.com.br\/wp-content\/uploads\/2013\/10\/Logo_HSC_ADM.jpg 600w, http:\/\/hsc-contabilidade.com.br\/wp-content\/uploads\/2013\/10\/Logo_HSC_ADM-300x168.jpg 300w\" sizes=\"(max-width: 172px) 100vw, 172px\" \/><\/a><\/b>Realizamos todos os servi\u00e7os relacionados com a Contabilidade das empresas desde a Escritura\u00e7\u00e3o Fiscal, Folha de Pagamento dos Funcion\u00e1rios e as obriga\u00e7\u00f5es acess\u00f3rias exigidas pela legisla\u00e7\u00e3o Municipal, Estadual e Federal.<\/p>\n<p style=\"text-align: justify;\">Nosso foco principal s\u00e3o as empresas de pequeno e m\u00e9dio porte, mas atendemos Cooperativas, Associa\u00e7\u00f5es, Partidos Pol\u00edticos empresas do ramo Comercial e Industrial e Prestadoras de Servi\u00e7os.<\/p>\n<p style=\"text-align: justify;\">Nossos Colaboradores t\u00eam o comprometimento em acompanhar constantemente as mudan\u00e7as na legisla\u00e7\u00e3o com o objetivo de dar ao cliente toda seguran\u00e7a nas informa\u00e7\u00f5es e aplic\u00e1-las na pr\u00e1tica de forma correta.<\/p>\n<p style=\"text-align: justify;\">Temos excelente relacionamento com os \u00f3rg\u00e3os como Jucesp-Junta Comercial do Estado de S\u00e3o Paulo, Receita Federal do Brasil, Secretaria da Fazenda Estadual, Receita Previdenci\u00e1ria e INSS, Prefeitura e Corpo de Bombeiros, proporcionando assim rapidez na execu\u00e7\u00e3o dos servi\u00e7os.<\/p>\n","protected":false},"excerpt":{"rendered":"<p>Realizamos todos os servi\u00e7os relacionados com a Contabilidade das empresas desde a Escritura\u00e7\u00e3o Fiscal, Folha de Pagamento dos Funcion\u00e1rios e as obriga\u00e7\u00f5es acess\u00f3rias exigidas pela legisla\u00e7\u00e3o Municipal, Estadual e Federal. Nosso foco principal s\u00e3o as empresas de pequeno e m\u00e9dio porte, mas atendemos Cooperativas, Associa\u00e7\u00f5es, Partidos Pol\u00edticos empresas do ramo Comercial e Industrial e Prestadoras &hellip; <\/p>\n<p><a class=\"more-link block-button\" href=\"http:\/\/hsc-contabilidade.com.br\/?page_id=173\">Continue lendo &raquo;<\/a><\/p>\n","protected":false},"author":1,"featured_media":134,"parent":0,"menu_order":0,"comment_status":"closed","ping_status":"closed","template":"","meta":[],"_links":{"self":[{"href":"http:\/\/hsc-contabilidade.com.br\/index.php?rest_route=\/wp\/v2\/pages\/173"}],"collection":[{"href":"http:\/\/hsc-contabilidade.com.br\/index.php?rest_route=\/wp\/v2\/pages"}],"about":[{"href":"http:\/\/hsc-contabilidade.com.br\/index.php?rest_route=\/wp\/v2\/types\/page"}],"author":[{"embeddable":true,"href":"http:\/\/hsc-contabilidade.com.br\/index.php?rest_route=\/wp\/v2\/users\/1"}],"replies":[{"embeddable":true,"href":"http:\/\/hsc-contabilidade.com.br\/index.php?rest_route=%2Fwp%2Fv2%2Fcomments&post=173"}],"version-history":[{"count":2,"href":"http:\/\/hsc-contabilidade.com.br\/index.php?rest_route=\/wp\/v2\/pages\/173\/revisions"}],"predecessor-version":[{"id":369,"href":"http:\/\/hsc-contabilidade.com.br\/index.php?rest_route=\/wp\/v2\/pages\/173\/revisions\/369"}],"wp:featuredmedia":[{"embeddable":true,"href":"http:\/\/hsc-contabilidade.com.br\/index.php?rest_route=\/wp\/v2\/media\/134"}],"wp:attachment":[{"href":"http:\/\/hsc-contabilidade.com.br\/index.php?rest_route=%2Fwp%2Fv2%2Fmedia&parent=173"}],"curies":[{"name":"wp","href":"https:\/\/api.w.org\/{rel}","templated":true}]}}